{"id":1278,"date":"2025-04-30T19:20:58","date_gmt":"2025-04-30T19:20:58","guid":{"rendered":"https:\/\/apocalipsorider.com\/?page_id=1278"},"modified":"2025-05-04T15:32:07","modified_gmt":"2025-05-04T15:32:07","slug":"catch-me","status":"publish","type":"page","link":"https:\/\/apocalipsorider.com\/en\/catch-me\/","title":{"rendered":"Catch the Apocalipso Rider"},"content":{"rendered":"<div data-elementor-type=\"wp-page\" data-elementor-id=\"1278\" class=\"elementor elementor-1278\">\n\t\t\t\t<div class=\"elementor-element elementor-element-d176883 e-flex e-con-boxed e-con e-parent\" data-id=\"d176883\" data-element_type=\"container\" data-settings=\"{&quot;background_background&quot;:&quot;classic&quot;}\">\n\t\t\t\t\t<div class=\"e-con-inner\">\n\t\t<div class=\"elementor-element elementor-element-31119a8 e-con-full e-flex e-con e-child\" data-id=\"31119a8\" data-element_type=\"container\">\n\t\t<div class=\"elementor-element elementor-element-471ced4 e-con-full e-flex e-con e-child\" data-id=\"471ced4\" data-element_type=\"container\">\n\t\t<div class=\"elementor-element elementor-element-9975f7d e-con-full e-flex e-con e-child\" data-id=\"9975f7d\" data-element_type=\"container\">\n\t\t\t\t<div class=\"elementor-element elementor-element-5f4c1f0 elementor-widget elementor-widget-heading\" data-id=\"5f4c1f0\" data-element_type=\"widget\" data-widget_type=\"heading.default\">\n\t\t\t\t<div class=\"elementor-widget-container\">\n\t\t\t\t\t<h1 class=\"elementor-heading-title elementor-size-default\">Catch me if you can<\/h1>\t\t\t\t<\/div>\n\t\t\t\t<\/div>\n\t\t\t\t<\/div>\n\t\t\t\t<\/div>\n\t\t<div class=\"elementor-element elementor-element-eb73ac5 e-con-full e-flex e-con e-child\" data-id=\"eb73ac5\" data-element_type=\"container\">\n\t\t<div class=\"elementor-element elementor-element-f77d0e8 e-con-full e-flex e-con e-child\" data-id=\"f77d0e8\" data-element_type=\"container\">\n\t\t\t\t<div class=\"elementor-element elementor-element-6f19b4e elementor-widget elementor-widget-heading\" data-id=\"6f19b4e\" data-element_type=\"widget\" data-widget_type=\"heading.default\">\n\t\t\t\t<div class=\"elementor-widget-container\">\n\t\t\t\t\t<h3 class=\"elementor-heading-title elementor-size-default\">Seeing isn\u2019t the same as catching.\nYou\u2019ve got one frame. One chance.<\/h3>\t\t\t\t<\/div>\n\t\t\t\t<\/div>\n\t\t\t\t<\/div>\n\t\t\t\t<\/div>\n\t\t\t\t<\/div>\n\t\t\t\t\t<\/div>\n\t\t\t\t<\/div>\n\t\t<div class=\"elementor-element elementor-element-fddb1a3 e-flex e-con-boxed e-con e-parent\" data-id=\"fddb1a3\" data-element_type=\"container\" data-settings=\"{&quot;background_background&quot;:&quot;classic&quot;}\">\n\t\t\t\t\t<div class=\"e-con-inner\">\n\t\t<div class=\"elementor-element elementor-element-46fa33b e-con-full e-flex e-con e-child\" data-id=\"46fa33b\" data-element_type=\"container\">\n\t\t<div class=\"elementor-element elementor-element-51f84b9 e-con-full e-flex e-con e-child\" data-id=\"51f84b9\" data-element_type=\"container\">\n\t\t<div class=\"elementor-element elementor-element-1caf1db e-con-full e-flex e-con e-child\" data-id=\"1caf1db\" data-element_type=\"container\">\n\t\t\t\t<div class=\"elementor-element elementor-element-ad4ca7c elementor-widget-divider--view-line elementor-widget elementor-widget-divider\" data-id=\"ad4ca7c\" data-element_type=\"widget\" data-widget_type=\"divider.default\">\n\t\t\t\t<div class=\"elementor-widget-container\">\n\t\t\t\t\t\t\t<div class=\"elementor-divider\">\n\t\t\t<span class=\"elementor-divider-separator\">\n\t\t\t\t\t\t<\/span>\n\t\t<\/div>\n\t\t\t\t\t\t<\/div>\n\t\t\t\t<\/div>\n\t\t\t\t<div class=\"elementor-element elementor-element-650b93c elementor-widget elementor-widget-heading\" data-id=\"650b93c\" data-element_type=\"widget\" data-widget_type=\"heading.default\">\n\t\t\t\t<div class=\"elementor-widget-container\">\n\t\t\t\t\t<h3 class=\"elementor-heading-title elementor-size-default\">Uhvati Apocalipso Ridera na ulici<\/h3>\t\t\t\t<\/div>\n\t\t\t\t<\/div>\n\t\t\t\t<div class=\"elementor-element elementor-element-6a842d6 elementor-widget elementor-widget-text-editor\" data-id=\"6a842d6\" data-element_type=\"widget\" data-widget_type=\"text-editor.default\">\n\t\t\t\t<div class=\"elementor-widget-container\">\n\t\t\t\t\t\t\t\t\t<p class=\"\" data-start=\"209\" data-end=\"342\">Neki su ga vidjeli iz auta.<br data-start=\"236\" data-end=\"239\" \/>Neki iz tramvaja, neki kroz dim na semaforu.<br data-start=\"285\" data-end=\"288\" \/>Ako si bio dovoljno brz da ga uslika\u0161 \u2014 poka\u017ei to.<\/p><p class=\"\" data-start=\"349\" data-end=\"457\">Slika mora biti <strong data-start=\"365\" data-end=\"394\">podijeljena na Instagramu<\/strong> s hashtagom:<br data-start=\"407\" data-end=\"410\" \/><strong data-start=\"435\" data-end=\"455\">#apocalipsoRider<\/strong><\/p><p class=\"\" data-start=\"464\" data-end=\"511\">Po\u0161alji nam sliku, lokaciju i link na objavu.<\/p><p class=\"\" data-start=\"518\" data-end=\"595\">Zapamti: <strong data-start=\"527\" data-end=\"553\">ima\u0161 samo jedan kadar.<\/strong><br data-start=\"553\" data-end=\"556\" \/>Ako Rider nestane, nestaje i prilika.<\/p>\t\t\t\t\t\t\t\t<\/div>\n\t\t\t\t<\/div>\n\t\t\t\t<div class=\"elementor-element elementor-element-0045fec elementor-widget elementor-widget-html\" data-id=\"0045fec\" data-element_type=\"widget\" data-widget_type=\"html.default\">\n\t\t\t\t<div class=\"elementor-widget-container\">\n\t\t\t\t\t<div class=\"forminator-ui forminator-custom-form forminator-custom-form-1434 forminator-design--default  forminator_ajax\" data-forminator-render=\"0\" data-form=\"forminator-module-1434\" data-uid=\"69e005ebab87b\"><br\/><\/div><form\n\t\t\t\tid=\"forminator-module-1434\"\n\t\t\t\tclass=\"forminator-ui forminator-custom-form forminator-custom-form-1434 forminator-design--default  forminator_ajax\"\n\t\t\t\tmethod=\"post\"\n\t\t\t\tdata-forminator-render=\"0\"\n\t\t\t\tdata-form-id=\"1434\"\n\t\t\t\tenctype=\"multipart\/form-data\" data-color-option=\"theme\" data-design=\"default\" data-grid=\"open\" style=\"display: none;\"\n\t\t\t\tdata-uid=\"69e005ebab87b\" action=\"\"\n\t\t\t><div role=\"alert\" aria-live=\"polite\" class=\"forminator-response-message forminator-error\" aria-hidden=\"true\"><\/div><div class=\"forminator-row\"><div id=\"name-1\" class=\"forminator-field-name forminator-col forminator-col-12\"><div class=\"forminator-field\"><label for=\"forminator-field-name-1_69e005ebab87b\" id=\"forminator-field-name-1_69e005ebab87b-label\" class=\"forminator-label\">instagram username<\/label><span id=\"forminator-field-name-1_69e005ebab87b-description\" class=\"forminator-description\">Unesi svoj instagram username<\/span><input type=\"text\" name=\"name-1\" value=\"\" placeholder=\"@apocalipsorider\" id=\"forminator-field-name-1_69e005ebab87b\" class=\"forminator-input forminator-name--field\" aria-required=\"false\" autocomplete=\"name\" aria-describedby=\"forminator-field-name-1_69e005ebab87b-description\" \/><\/div><\/div><\/div><div class=\"forminator-row\"><div id=\"upload-1\" class=\"forminator-field-upload forminator-col forminator-col-12\"><div class=\"forminator-field\"><label for=\"forminator-field-upload-1_69e005ebab87b\" id=\"forminator-field-upload-1_69e005ebab87b-label\" class=\"forminator-label\">U\u010ditaj sliku<\/label><span id=\"forminator-field-upload-1_69e005ebab87b-description\" class=\"forminator-description\">U\u010ditaj sliku apocalipso ridera<\/span><div class=\"forminator-file-upload\" data-element=\"upload-1_69e005ebab87b\" aria-describedby=\"forminator-field-upload-1_69e005ebab87b-description\"><input type=\"file\" name=\"upload-1\" id=\"forminator-field-upload-1_69e005ebab87b\" class=\"forminator-input-file\" accept=\".jpg,.jpeg,.jpe,.gif,.png,.bmp,.tiff,.tif,.webp,.avif,.ico,.heic,.heif,.heics,.heifs,.asf,.asx,.wmv,.wmx,.wm,.avi,.divx,.flv,.mov,.qt,.mpeg,.mpg,.mpe,.mp4,.m4v,.ogv,.webm,.mkv,.3gp,.3gpp,.3g2,.3gp2,.txt,.asc,.c,.cc,.h,.srt,.csv,.tsv,.ics,.rtx,.vtt,.mp3,.m4a,.m4b,.aac,.ra,.ram,.wav,.x-wav,.ogg,.oga,.flac,.mid,.midi,.wma,.wax,.mka,.rtf,.pdf,.class,.tar,.zip,.gz,.gzip,.7z,.psd,.xcf,.doc,.pot,.pps,.ppt,.wri,.xla,.xls,.xlt,.xlw,.mdb,.mpp,.docx,.docm,.dotx,.dotm,.xlsx,.xlsm,.xlsb,.xltx,.xltm,.xlam,.pptx,.pptm,.ppsx,.ppsm,.potx,.potm,.ppam,.sldx,.sldm,.onetoc,.onetoc2,.onetmp,.onepkg,.oxps,.xps,.odt,.odp,.ods,.odg,.odc,.odb,.odf,.wp,.wpd,.key,.numbers,.pages,.svgz,.json\" tabindex=\"-1\"><button id=\"forminator-field-upload-1_69e005ebab87b_button\" class=\"forminator-button forminator-button-upload\" data-id=\"forminator-field-upload-1_69e005ebab87b\">Choose File<\/button><span data-empty-text=\"No file chosen\">No file chosen<\/span><button class=\"forminator-button-delete\" style=\"display: none;\"><i class=\"forminator-icon-close\" aria-hidden=\"true\"><\/i><span class=\"forminator-screen-reader-only\">Delete uploaded file<\/span><\/button><\/div><\/div><\/div><\/div><div class=\"forminator-row\"><div id=\"address-1\" class=\"forminator-field-address forminator-col forminator-col-12\"><div class=\"forminator-row\" data-multiple=\"false\"><div id=\"address-1-city\" class=\"forminator-col forminator-col-12\"><div class=\"forminator-field\"><label for=\"forminator-field-address-1-city_69e005ebab87b\" id=\"forminator-field-address-1-city_69e005ebab87b-label\" class=\"forminator-label\">Grad<\/label><input type=\"text\" name=\"address-1-city\" placeholder=\"npr. Zagreb\" id=\"forminator-field-address-1-city_69e005ebab87b\" class=\"forminator-input\" data-required=\"\" aria-required=\"false\" autocomplete=\"address-level2\" value=\"\" \/><\/div><\/div><\/div><\/div><\/div><div class=\"forminator-row\"><div id=\"name-2\" class=\"forminator-field-name forminator-col forminator-col-12\"><div class=\"forminator-field\"><label for=\"forminator-field-name-2_69e005ebab87b\" id=\"forminator-field-name-2_69e005ebab87b-label\" class=\"forminator-label\">Link na objavu<\/label><span id=\"forminator-field-name-2_69e005ebab87b-description\" class=\"forminator-description\">https:\/\/instagram.com\/story...<\/span><input type=\"text\" name=\"name-2\" value=\"\" placeholder=\"instagram objava\" id=\"forminator-field-name-2_69e005ebab87b\" class=\"forminator-input forminator-name--field\" aria-required=\"false\" autocomplete=\"name\" aria-describedby=\"forminator-field-name-2_69e005ebab87b-description\" \/><\/div><\/div><\/div><div class=\"forminator-row\"><div id=\"checkbox-1\" class=\"forminator-field-checkbox forminator-col forminator-col-12\"><div role=\"group\" class=\"forminator-field\" aria-labelledby=\"forminator-checkbox-group-forminator-field-checkbox-1-69e005ebab87b-label\"><span id=\"forminator-checkbox-group-forminator-field-checkbox-1-69e005ebab87b-label\" class=\"forminator-label\">\u017delim biti spa\u0161en i prikazan na stranici \u201cSpa\u0161eni\u201d<\/span><span id=\"forminator-field-checkbox-1-69e005ebab87b-description\" class=\"forminator-description\">\u017deli\u0161 biti spa\u0161en?<\/span><label id=\"forminator-field-checkbox-1-1-69e005ebab87b-label\" for=\"forminator-field-checkbox-1-1-69e005ebab87b\" class=\"forminator-checkbox\" title=\"Da\"><input type=\"checkbox\" name=\"checkbox-1[]\" value=\"one\" id=\"forminator-field-checkbox-1-1-69e005ebab87b\" aria-labelledby=\"forminator-field-checkbox-1-1-69e005ebab87b-label\" data-calculation=\"0\"   data-hidden-behavior=\"zero\" aria-describedby=\"forminator-field-checkbox-1-69e005ebab87b-description\"\/><span class=\"forminator-checkbox-box\" aria-hidden=\"true\"><\/span><span class=\"forminator-checkbox-label\">Da<\/span><\/label><label id=\"forminator-field-checkbox-1-2-69e005ebab87b-label\" for=\"forminator-field-checkbox-1-2-69e005ebab87b\" class=\"forminator-checkbox\" title=\"Ne\"><input type=\"checkbox\" name=\"checkbox-1[]\" value=\"two\" id=\"forminator-field-checkbox-1-2-69e005ebab87b\" aria-labelledby=\"forminator-field-checkbox-1-2-69e005ebab87b-label\" data-calculation=\"0\"   data-hidden-behavior=\"zero\" aria-describedby=\"forminator-field-checkbox-1-69e005ebab87b-description\"\/><span class=\"forminator-checkbox-box\" aria-hidden=\"true\"><\/span><span class=\"forminator-checkbox-label\">Ne<\/span><\/label><\/div><\/div><\/div><input type=\"hidden\" name=\"referer_url\" value=\"\" \/><div class=\"forminator-row forminator-row-last\"><div class=\"forminator-col\"><div class=\"forminator-field\"><button class=\"forminator-button forminator-button-submit\">Po&scaron;alji<\/button><\/div><\/div><\/div><input type=\"hidden\" id=\"forminator_nonce\" name=\"forminator_nonce\" value=\"24debfed51\" \/><input type=\"hidden\" name=\"_wp_http_referer\" value=\"\/en\/wp-json\/wp\/v2\/pages\/1278\" \/><input type=\"hidden\" name=\"form_id\" value=\"1434\"><input type=\"hidden\" name=\"page_id\" value=\"1278\"><input type=\"hidden\" name=\"form_type\" value=\"default\"><input type=\"hidden\" name=\"current_url\" value=\"https:\/\/apocalipsorider.com\/en\/catch-me\/\"><input type=\"hidden\" name=\"render_id\" value=\"0\"><input type=\"hidden\" name=\"action\" value=\"forminator_submit_form_custom-forms\"><input type=\"hidden\" name=\"trp-form-language\" value=\"en\"\/><\/form>\t\t\t\t<\/div>\n\t\t\t\t<\/div>\n\t\t\t\t<\/div>\n\t\t\t\t<\/div>\n\t\t\t\t<\/div>\n\t\t\t\t\t<\/div>\n\t\t\t\t<\/div>\n\t\t<div class=\"elementor-element elementor-element-f851af9 e-flex e-con-boxed e-con e-parent\" data-id=\"f851af9\" data-element_type=\"container\" data-settings=\"{&quot;background_background&quot;:&quot;classic&quot;}\">\n\t\t\t\t\t<div class=\"e-con-inner\">\n\t\t<div class=\"elementor-element elementor-element-5a6b367 e-con-full e-flex e-con e-child\" data-id=\"5a6b367\" data-element_type=\"container\">\n\t\t<div class=\"elementor-element elementor-element-4cefb3d e-con-full e-flex e-con e-child\" data-id=\"4cefb3d\" data-element_type=\"container\">\n\t\t<div class=\"elementor-element elementor-element-8ab7f73 e-con-full e-flex e-con e-child\" data-id=\"8ab7f73\" data-element_type=\"container\">\n\t\t\t\t<div class=\"elementor-element elementor-element-517d212 elementor-widget elementor-widget-heading\" data-id=\"517d212\" data-element_type=\"widget\" data-widget_type=\"heading.default\">\n\t\t\t\t<div class=\"elementor-widget-container\">\n\t\t\t\t\t<h2 class=\"elementor-heading-title elementor-size-default\">Krug Apokalipse<\/h2>\t\t\t\t<\/div>\n\t\t\t\t<\/div>\n\t\t<div class=\"elementor-element elementor-element-64d8105 e-grid e-con-full e-con e-child\" data-id=\"64d8105\" data-element_type=\"container\">\n\t\t\t\t<div class=\"elementor-element elementor-element-77a6503 elementor-widget elementor-widget-html\" data-id=\"77a6503\" data-element_type=\"widget\" data-widget_type=\"html.default\">\n\t\t\t\t<div class=\"elementor-widget-container\">\n\t\t\t\t\t<div style=\"display: inline-block; text-align: center; margin: 10px;\">\n  <a href=\"https:\/\/instagram.com\/apocalipso.rider\" target=\"_blank\" style=\"text-decoration: none; color: #000;\" rel=\"noopener\">\n    <img decoding=\"async\" src=\"https:\/\/apocalipsorider.com\/wp-content\/uploads\/2025\/04\/ChatGPT-Image-Apr-26-2025-11_32_54-PM.png\" alt=\"Spa\u0161eni @USERNAME\" style=\"width: 100px; height: 100px; border-radius: 50%; border: 2px solid #000; object-fit: cover;\">\n    <div style=\"margin-top: 8px; font-weight: bold; color: #000;\">@apocalisporider<\/div>\n  <\/a>\n<\/div>\t\t\t\t<\/div>\n\t\t\t\t<\/div>\n\t\t\t\t<div class=\"elementor-element elementor-element-a0781a8 elementor-widget elementor-widget-html\" data-id=\"a0781a8\" data-element_type=\"widget\" data-widget_type=\"html.default\">\n\t\t\t\t<div class=\"elementor-widget-container\">\n\t\t\t\t\t<div style=\"display: inline-block; text-align: center; margin: 10px;\">\n  <a href=\"https:\/\/instagram.com\/apocalipso.rider\" target=\"_blank\" style=\"text-decoration: none; color: #000;\" rel=\"noopener\">\n    <img decoding=\"async\" src=\"https:\/\/apocalipsorider.com\/wp-content\/uploads\/2025\/04\/ChatGPT-Image-Apr-28-2025-10_10_55-PM.png\" alt=\"Spa\u0161eni @USERNAME\" style=\"width: 100px; height: 100px; border-radius: 50%; border: 2px solid #000; object-fit: cover;\">\n    <div style=\"margin-top: 8px; font-weight: bold; color: #000;\">@osvajac<\/div>\n  <\/a>\n<\/div>\t\t\t\t<\/div>\n\t\t\t\t<\/div>\n\t\t\t\t<div class=\"elementor-element elementor-element-ed78c6c elementor-widget elementor-widget-html\" data-id=\"ed78c6c\" data-element_type=\"widget\" data-widget_type=\"html.default\">\n\t\t\t\t<div class=\"elementor-widget-container\">\n\t\t\t\t\t<div style=\"display: inline-block; text-align: center; margin: 10px;\">\n  <a href=\"https:\/\/instagram.com\/apocalipso.rider\" target=\"_blank\" style=\"text-decoration: none; color: #000;\" rel=\"noopener\">\n    <img decoding=\"async\" src=\"https:\/\/apocalipsorider.com\/wp-content\/uploads\/2025\/04\/ChatGPT-Image-Apr-28-2025-10_15_27-PM.png\" alt=\"Spa\u0161eni @USERNAME\" style=\"width: 100px; height: 100px; border-radius: 50%; border: 2px solid #000; object-fit: cover;\">\n    <div style=\"margin-top: 8px; font-weight: bold; color: #000;\">@rat<\/div>\n  <\/a>\n<\/div>\t\t\t\t<\/div>\n\t\t\t\t<\/div>\n\t\t\t\t<div class=\"elementor-element elementor-element-c1d5128 elementor-widget elementor-widget-html\" data-id=\"c1d5128\" data-element_type=\"widget\" data-widget_type=\"html.default\">\n\t\t\t\t<div class=\"elementor-widget-container\">\n\t\t\t\t\t<div style=\"display: inline-block; text-align: center; margin: 10px;\">\n  <a href=\"https:\/\/instagram.com\/apocalipso.rider\" target=\"_blank\" style=\"text-decoration: none; color: #000;\" rel=\"noopener\">\n    <img decoding=\"async\" src=\"https:\/\/apocalipsorider.com\/wp-content\/uploads\/2025\/04\/ChatGPT-Image-Apr-26-2025-12_59_47-AM.png\" alt=\"Spa\u0161eni @USERNAME\" style=\"width: 100px; height: 100px; border-radius: 50%; border: 2px solid #000; object-fit: cover;\">\n    <div style=\"margin-top: 8px; font-weight: bold; color: #000;\">@glad<\/div>\n  <\/a>\n<\/div>\t\t\t\t<\/div>\n\t\t\t\t<\/div>\n\t\t\t\t<div class=\"elementor-element elementor-element-08d35df elementor-widget elementor-widget-html\" data-id=\"08d35df\" data-element_type=\"widget\" data-widget_type=\"html.default\">\n\t\t\t\t<div class=\"elementor-widget-container\">\n\t\t\t\t\t<div style=\"display: inline-block; text-align: center; margin: 10px;\">\n  <a href=\"https:\/\/instagram.com\/apocalipso.rider\" target=\"_blank\" style=\"text-decoration: none; color: #000;\" rel=\"noopener\">\n    <img decoding=\"async\" src=\"https:\/\/apocalipsorider.com\/wp-content\/uploads\/2025\/04\/ChatGPT-Image-Apr-26-2025-01_16_41-AM.png\" alt=\"Spa\u0161eni @USERNAME\" style=\"width: 100px; height: 100px; border-radius: 50%; border: 2px solid #000; object-fit: cover;\">\n    <div style=\"margin-top: 8px; font-weight: bold; color: #000;\">@smrt<\/div>\n  <\/a>\n<\/div>\t\t\t\t<\/div>\n\t\t\t\t<\/div>\n\t\t\t\t<\/div>\n\t\t\t\t<\/div>\n\t\t<div class=\"elementor-element elementor-element-59acd90 e-con-full e-flex e-con e-child\" data-id=\"59acd90\" data-element_type=\"container\">\n\t\t\t\t<\/div>\n\t\t\t\t<\/div>\n\t\t\t\t<\/div>\n\t\t\t\t\t<\/div>\n\t\t\t\t<\/div>\n\t\t\t\t<\/div>","protected":false},"excerpt":{"rendered":"<p>Uhvati me ako mo\u017ee\u0161 Vidjeti nije isto \u0161to i uhvatiti. Ima\u0161 jedan kadar. Jednu priliku. Uhvati Apocalipso Ridera na ulici Neki su ga vidjeli iz auta.Neki iz tramvaja, neki kroz dim na semaforu.Ako si bio dovoljno brz da ga uslika\u0161 \u2014 poka\u017ei to. Slika mora biti podijeljena na Instagramu s hashtagom:#apocalipsoRider Po\u0161alji nam sliku, lokaciju [&hellip;]<\/p>","protected":false},"author":1,"featured_media":0,"parent":0,"menu_order":0,"comment_status":"closed","ping_status":"closed","template":"","meta":{"site-sidebar-layout":"no-sidebar","site-content-layout":"page-builder","ast-site-content-layout":"full-width-container","site-content-style":"unboxed","site-sidebar-style":"unboxed","ast-global-header-display":"","ast-banner-title-visibility":"","ast-main-header-display":"","ast-hfb-above-header-display":"","ast-hfb-below-header-display":"","ast-hfb-mobile-header-display":"","site-post-title":"disabled","ast-breadcrumbs-content":"disabled","ast-featured-img":"disabled","footer-sml-layout":"","theme-transparent-header-meta":"enabled","adv-header-id-meta":"","stick-header-meta":"","header-above-stick-meta":"","header-main-stick-meta":"","header-below-stick-meta":"","astra-migrate-meta-layouts":"set","ast-page-background-enabled":"default","ast-page-background-meta":{"desktop":{"background-color":"","background-image":"","background-repeat":"repeat","background-position":"center center","background-size":"auto","background-attachment":"scroll","background-type":"","background-media":"","overlay-type":"","overlay-color":"","overlay-opacity":"","overlay-gradient":""},"tablet":{"background-color":"","background-image":"","background-repeat":"repeat","background-position":"center center","background-size":"auto","background-attachment":"scroll","background-type":"","background-media":"","overlay-type":"","overlay-color":"","overlay-opacity":"","overlay-gradient":""},"mobile":{"background-color":"","background-image":"","background-repeat":"repeat","background-position":"center center","background-size":"auto","background-attachment":"scroll","background-type":"","background-media":"","overlay-type":"","overlay-color":"","overlay-opacity":"","overlay-gradient":""}},"ast-content-background-meta":{"desktop":{"background-color":"var(--ast-global-color-5)","background-image":"","background-repeat":"repeat","background-position":"center center","background-size":"auto","background-attachment":"scroll","background-type":"","background-media":"","overlay-type":"","overlay-color":"","overlay-opacity":"","overlay-gradient":""},"tablet":{"background-color":"var(--ast-global-color-5)","background-image":"","background-repeat":"repeat","background-position":"center center","background-size":"auto","background-attachment":"scroll","background-type":"","background-media":"","overlay-type":"","overlay-color":"","overlay-opacity":"","overlay-gradient":""},"mobile":{"background-color":"var(--ast-global-color-5)","background-image":"","background-repeat":"repeat","background-position":"center center","background-size":"auto","background-attachment":"scroll","background-type":"","background-media":"","overlay-type":"","overlay-color":"","overlay-opacity":"","overlay-gradient":""}},"footnotes":""},"class_list":["post-1278","page","type-page","status-publish","hentry"],"_links":{"self":[{"href":"https:\/\/apocalipsorider.com\/en\/wp-json\/wp\/v2\/pages\/1278","targetHints":{"allow":["GET"]}}],"collection":[{"href":"https:\/\/apocalipsorider.com\/en\/wp-json\/wp\/v2\/pages"}],"about":[{"href":"https:\/\/apocalipsorider.com\/en\/wp-json\/wp\/v2\/types\/page"}],"author":[{"embeddable":true,"href":"https:\/\/apocalipsorider.com\/en\/wp-json\/wp\/v2\/users\/1"}],"replies":[{"embeddable":true,"href":"https:\/\/apocalipsorider.com\/en\/wp-json\/wp\/v2\/comments?post=1278"}],"version-history":[{"count":57,"href":"https:\/\/apocalipsorider.com\/en\/wp-json\/wp\/v2\/pages\/1278\/revisions"}],"predecessor-version":[{"id":1533,"href":"https:\/\/apocalipsorider.com\/en\/wp-json\/wp\/v2\/pages\/1278\/revisions\/1533"}],"wp:attachment":[{"href":"https:\/\/apocalipsorider.com\/en\/wp-json\/wp\/v2\/media?parent=1278"}],"curies":[{"name":"wp","href":"https:\/\/api.w.org\/{rel}","templated":true}]}}