{"id":1408,"date":"2025-05-02T18:17:19","date_gmt":"2025-05-02T18:17:19","guid":{"rendered":"https:\/\/apocalipsorider.com\/?page_id=1408"},"modified":"2025-05-02T18:41:16","modified_gmt":"2025-05-02T18:41:16","slug":"storyline","status":"publish","type":"page","link":"https:\/\/apocalipsorider.com\/en\/storyline\/","title":{"rendered":"Storyline"},"content":{"rendered":"<div data-elementor-type=\"wp-page\" data-elementor-id=\"1408\" class=\"elementor elementor-1408\">\n\t\t\t\t<div class=\"elementor-element elementor-element-d176883 e-flex e-con-boxed e-con e-parent\" data-id=\"d176883\" data-element_type=\"container\" data-settings=\"{&quot;background_background&quot;:&quot;classic&quot;}\">\n\t\t\t\t\t<div class=\"e-con-inner\">\n\t\t<div class=\"elementor-element elementor-element-31119a8 e-con-full e-flex e-con e-child\" data-id=\"31119a8\" data-element_type=\"container\">\n\t\t<div class=\"elementor-element elementor-element-471ced4 e-con-full e-flex e-con e-child\" data-id=\"471ced4\" data-element_type=\"container\">\n\t\t<div class=\"elementor-element elementor-element-9975f7d e-con-full e-flex e-con e-child\" data-id=\"9975f7d\" data-element_type=\"container\">\n\t\t\t\t<div class=\"elementor-element elementor-element-5f4c1f0 elementor-widget elementor-widget-heading\" data-id=\"5f4c1f0\" data-element_type=\"widget\" data-widget_type=\"heading.default\">\n\t\t\t\t<div class=\"elementor-widget-container\">\n\t\t\t\t\t<h1 class=\"elementor-heading-title elementor-size-default\">Storyline<\/h1>\t\t\t\t<\/div>\n\t\t\t\t<\/div>\n\t\t\t\t<\/div>\n\t\t\t\t<\/div>\n\t\t<div class=\"elementor-element elementor-element-eb73ac5 e-con-full e-flex e-con e-child\" data-id=\"eb73ac5\" data-element_type=\"container\">\n\t\t<div class=\"elementor-element elementor-element-f77d0e8 e-con-full e-flex e-con e-child\" data-id=\"f77d0e8\" data-element_type=\"container\">\n\t\t\t\t<div class=\"elementor-element elementor-element-6f19b4e elementor-widget elementor-widget-heading\" data-id=\"6f19b4e\" data-element_type=\"widget\" data-widget_type=\"heading.default\">\n\t\t\t\t<div class=\"elementor-widget-container\">\n\t\t\t\t\t<h3 class=\"elementor-heading-title elementor-size-default\">Dobrodo\u0161ao u zapis onoga \u0161to je bilo \u2014 i onoga \u0161to tek dolazi.<\/h3>\t\t\t\t<\/div>\n\t\t\t\t<\/div>\n\t\t\t\t<\/div>\n\t\t\t\t<\/div>\n\t\t\t\t<\/div>\n\t\t\t\t\t<\/div>\n\t\t\t\t<\/div>\n\t\t<div class=\"elementor-element elementor-element-fddb1a3 e-flex e-con-boxed e-con e-parent\" data-id=\"fddb1a3\" data-element_type=\"container\" data-settings=\"{&quot;background_background&quot;:&quot;classic&quot;}\">\n\t\t\t\t\t<div class=\"e-con-inner\">\n\t\t\t\t<div class=\"elementor-element elementor-element-290296a elementor-widget elementor-widget-html\" data-id=\"290296a\" data-element_type=\"widget\" data-widget_type=\"html.default\">\n\t\t\t\t<div class=\"elementor-widget-container\">\n\t\t\t\t\t<style><\/style><div class=\"wplp_outside wplp_widget_1406\" style=\"max-width:100%;\"><span class=\"wpcu_block_title\">Apocalipso Rider<\/span><div id=\"wplp_widget_1406\" class=\"wplp_widget_default wplp_container vertical swiper wplp-swiper default cols3\" data-theme=\"default\" data-post=\"1406\" style=\"\" data-max-elts=\"3\" data-per-page=\"10\"><div class=\"wplp_listposts swiper-wrapper\" id=\"default_1406\" style=\"width: 100%;\" ><div class=\"swiper-slide\" style=\"\"><div class=\"insideframe\"><div id=\"wplp_box_top_1406_1416\" class=\"wpcu-front-box top equalHeightImg\" ><div class=\"wplp-box-item\"><a href=\"https:\/\/apocalipsorider.com\/en\/jedan-protiv-svih\/\"  class=\"thumbnail\"><span class=\"img_cropper\" style=\"margin-right:4px;margin-bottom:4px;max-width:100%;\"><img decoding=\"async\" src=\"https:\/\/apocalipsorider.com\/wp-content\/plugins\/wp-latest-posts\/img\/default-image.svg\" style=\"aspect-ratio:4\/3;\" srcset=\"\" alt=\"Jedan protiv svih\"  class=\"wplp_default\" \/><\/span><\/a><a href=\"https:\/\/apocalipsorider.com\/en\/jedan-protiv-svih\/\"  class=\"title\">Jedan protiv svih<\/a><\/div><\/div><div id=\"wplp_box_left_1406_1416\" class=\"wpcu-front-box left wpcu-custom-position\" ><div class=\"wplp-box-item\"><\/div><\/div><div id=\"wplp_box_right_1406_1416\" class=\"wpcu-front-box right wpcu-custom-position\" ><div class=\"wplp-box-item\"><\/div><\/div><div id=\"wplp_box_bottom_1406_1416\" class=\"wpcu-front-box bottom\" ><div class=\"wplp-box-item\"><span class=\"author\">Apocalipso Rider<\/span><span class=\"text\"><span style=\"max-height:2.8em\" class=\"line_limit\">Svijet koji smo poznavali nestaje. Nevidljiva bitka odvija se pred na\u0161im o\u010dima \u2013 \u010detiri sile prolaze kroz gradove, kroz na\u0161e domove, kroz na\u0161e du\u0161e. Osvaja\u010d, Rat, Glad i Smrt vi\u0161e nisu mitska bi\u0107a, ve\u0107 stvarnost koju \u017eivimo.\n\n\n\nAli me\u0111u tim ru\u0161evinama, jedna osoba ustaje. On ne donosi oru\u017eje ni vojsku. On donosi prkos.\n\n\n\nApocalipso Rider nije heroj kakvog zami\u0161ljamo iz filmova. On ne ja\u0161e bijelog konja, ve\u0107 motocikl od \u010delika. Njegova bitka nije bitka oru\u017ejem, nego odlukom da nikada ne prestane boriti se protiv tame. Njegovo oru\u017eje je sloboda izbora.\n\n\n\nDok svijet tone u o\u010daj, zvuk njegovog motora je posljednji podsjetnik da nada postoji, da se borba jo\u0161 nije zavr\u0161ila. Svaki put kad odlu\u010di\u0161 ne pokleknuti pred strahom, ti postaje\u0161 dio otpora. Dio Apocalipso Ridera.\n\n\n\nPostavlja se pitanje: Kad tama pokuca na tvoja vrata, ho\u0107e\u0161 li joj otvoriti ili \u0107e\u0161 se pridru\u017eiti borbi?\n\n\n\nAko \u010dita\u0161 ove rije\u010di, odgovor ve\u0107 zna\u0161.\n\n\n\nPridru\u017ei se otporu \u2013 vo\u017enja je tek po\u010dela.<\/span><span style=\"margin-left:3px; max-height:2.8em\" class=\"line_limit\"> [...]<\/span><\/span><span class=\"custom_fields\">\n<!-- WPLP Unknown field: Custom_Fields -->\n<\/span><a href=\"https:\/\/apocalipsorider.com\/en\/jedan-protiv-svih\/\"  class=\"read-more\">Read more...<\/a><\/div><\/div><\/div><\/div><div class=\"swiper-slide\" style=\"\"><div class=\"insideframe\"><div id=\"wplp_box_top_1406_1414\" class=\"wpcu-front-box top equalHeightImg\" ><div class=\"wplp-box-item\"><a href=\"https:\/\/apocalipsorider.com\/en\/jedan-protiv-svih-zasto-je-apocalipso-rider-posljednja\/\"  class=\"thumbnail\"><span class=\"img_cropper\" style=\"margin-right:4px;margin-bottom:4px;max-width:100%;\"><img decoding=\"async\" src=\"https:\/\/apocalipsorider.com\/wp-content\/plugins\/wp-latest-posts\/img\/default-image.svg\" style=\"aspect-ratio:4\/3;\" srcset=\"\" alt=\"Jedan protiv svih \u2013 Za\u0161to je Apocalipso Rider posljednja\"  class=\"wplp_default\" \/><\/span><\/a><a href=\"https:\/\/apocalipsorider.com\/en\/jedan-protiv-svih-zasto-je-apocalipso-rider-posljednja\/\"  class=\"title\">Jedan protiv svih \u2013 Za\u0161to je Apocalipso Rider posljednja<\/a><\/div><\/div><div id=\"wplp_box_left_1406_1414\" class=\"wpcu-front-box left wpcu-custom-position\" ><div class=\"wplp-box-item\"><\/div><\/div><div id=\"wplp_box_right_1406_1414\" class=\"wpcu-front-box right wpcu-custom-position\" ><div class=\"wplp-box-item\"><\/div><\/div><div id=\"wplp_box_bottom_1406_1414\" class=\"wpcu-front-box bottom\" ><div class=\"wplp-box-item\"><span class=\"author\">Apocalipso Rider<\/span><span class=\"text\"><span style=\"max-height:2.8em\" class=\"line_limit\">Svijet koji smo poznavali nestaje. Nevidljiva bitka odvija se pred na\u0161im o\u010dima \u2013 \u010detiri sile prolaze kroz gradove, kroz na\u0161e domove, kroz na\u0161e du\u0161e. Osvaja\u010d, Rat, Glad i Smrt vi\u0161e nisu mitska bi\u0107a, ve\u0107 stvarnost koju \u017eivimo.\n\n\n\nAli me\u0111u tim ru\u0161evinama, jedna osoba ustaje. On ne donosi oru\u017eje ni vojsku. On donosi prkos.\n\n\n\nApocalipso Rider nije heroj kakvog zami\u0161ljamo iz filmova. On ne ja\u0161e bijelog konja, ve\u0107 motocikl od \u010delika. Njegova bitka nije bitka oru\u017ejem, nego odlukom da nikada ne prestane boriti se protiv tame. Njegovo oru\u017eje je sloboda izbora.\n\n\n\nDok svijet tone u o\u010daj, zvuk njegovog motora je posljednji podsjetnik da nada postoji, da se borba jo\u0161 nije zavr\u0161ila. Svaki put kad odlu\u010di\u0161 ne pokleknuti pred strahom, ti postaje\u0161 dio otpora. Dio Apocalipso Ridera.\n\n\n\nPostavlja se pitanje: Kad tama pokuca na tvoja vrata, ho\u0107e\u0161 li joj otvoriti ili \u0107e\u0161 se pridru\u017eiti borbi?\n\n\n\nAko \u010dita\u0161 ove rije\u010di, odgovor ve\u0107 zna\u0161.\n\n\n\nPridru\u017ei se otporu \u2013 vo\u017enja je tek po\u010dela.<\/span><span style=\"margin-left:3px; max-height:2.8em\" class=\"line_limit\"> [...]<\/span><\/span><span class=\"custom_fields\">\n<!-- WPLP Unknown field: Custom_Fields -->\n<\/span><a href=\"https:\/\/apocalipsorider.com\/en\/jedan-protiv-svih-zasto-je-apocalipso-rider-posljednja\/\"  class=\"read-more\">Read more...<\/a><\/div><\/div><\/div><\/div><div class=\"swiper-slide\" style=\"\"><div class=\"insideframe\"><div id=\"wplp_box_top_1406_1294\" class=\"wpcu-front-box top equalHeightImg\" ><div class=\"wplp-box-item\"><a href=\"https:\/\/apocalipsorider.com\/en\/jedan-protiv-svih-zasto-je-apocalipso-rider-posljednja-nada\/\"  class=\"thumbnail\"><span class=\"img_cropper\" style=\"margin-right:4px;margin-bottom:4px;max-width:100%;\"><img decoding=\"async\" src=\"https:\/\/apocalipsorider.com\/wp-content\/uploads\/2025\/04\/ChatGPT-Image-Apr-30-2025-04_54_23-PM-300x200.png\" style=\"aspect-ratio:4\/3;\" srcset=\"\" alt=\"Jedan protiv svih \u2013 Za\u0161to je Apocalipso Rider posljednja nada?\" class=\"wplp_thumb\" \/><\/span><\/a><a href=\"https:\/\/apocalipsorider.com\/en\/jedan-protiv-svih-zasto-je-apocalipso-rider-posljednja-nada\/\"  class=\"title\">Jedan protiv svih \u2013 Za\u0161to je Apocalipso Rider posljednja nada?<\/a><\/div><\/div><div id=\"wplp_box_left_1406_1294\" class=\"wpcu-front-box left wpcu-custom-position\" ><div class=\"wplp-box-item\"><\/div><\/div><div id=\"wplp_box_right_1406_1294\" class=\"wpcu-front-box right wpcu-custom-position\" ><div class=\"wplp-box-item\"><\/div><\/div><div id=\"wplp_box_bottom_1406_1294\" class=\"wpcu-front-box bottom\" ><div class=\"wplp-box-item\"><span class=\"author\">Apocalipso Rider<\/span><span class=\"text\"><span style=\"max-height:2.8em\" class=\"line_limit\">Svijet koji smo poznavali nestaje. Nevidljiva bitka odvija se pred na\u0161im o\u010dima \u2013 \u010detiri sile prolaze kroz gradove, kroz na\u0161e domove, kroz na\u0161e du\u0161e. Osvaja\u010d, Rat, Glad i Smrt vi\u0161e nisu mitska bi\u0107a, ve\u0107 stvarnost koju \u017eivimo.\n\n\n\nAli me\u0111u tim ru\u0161evinama, jedna osoba ustaje. On ne donosi oru\u017eje ni vojsku. On donosi prkos.\n\n\n\nApocalipso Rider nije heroj kakvog zami\u0161ljamo iz filmova. On ne ja\u0161e bijelog konja, ve\u0107 motocikl od \u010delika. Njegova bitka nije bitka oru\u017ejem, nego odlukom da nikada ne prestane boriti se protiv tame. Njegovo oru\u017eje je sloboda izbora.\n\n\n\nDok svijet tone u o\u010daj, zvuk njegovog motora je posljednji podsjetnik da nada postoji, da se borba jo\u0161 nije zavr\u0161ila. Svaki put kad odlu\u010di\u0161 ne pokleknuti pred strahom, ti postaje\u0161 dio otpora. Dio Apocalipso Ridera.\n\n\n\nPostavlja se pitanje: Kad tama pokuca na tvoja vrata, ho\u0107e\u0161 li joj otvoriti ili \u0107e\u0161 se pridru\u017eiti borbi?\n\n\n\nAko \u010dita\u0161 ove rije\u010di, odgovor ve\u0107 zna\u0161.\n\n\n\nPridru\u017ei se otporu \u2013 vo\u017enja je tek po\u010dela.<\/span><span style=\"margin-left:3px; max-height:2.8em\" class=\"line_limit\"> [...]<\/span><\/span><span class=\"custom_fields\">\n<!-- WPLP Unknown field: Custom_Fields -->\n<\/span><a href=\"https:\/\/apocalipsorider.com\/en\/jedan-protiv-svih-zasto-je-apocalipso-rider-posljednja-nada\/\"  class=\"read-more\">Read more...<\/a><\/div><\/div><\/div><\/div><\/div><div class=\"swiper-button-next\"><\/div><div class=\"swiper-button-prev\"><\/div><div class=\"swiper-pagination\"><\/div><\/div><\/div>\t\t\t\t<\/div>\n\t\t\t\t<\/div>\n\t\t\t\t\t<\/div>\n\t\t\t\t<\/div>\n\t\t\t\t<\/div>","protected":false},"excerpt":{"rendered":"<p>Storyline Dobrodo\u0161ao u zapis onoga \u0161to je bilo \u2014 i onoga \u0161to tek dolazi.<\/p>","protected":false},"author":1,"featured_media":0,"parent":0,"menu_order":0,"comment_status":"closed","ping_status":"closed","template":"","meta":{"site-sidebar-layout":"no-sidebar","site-content-layout":"page-builder","ast-site-content-layout":"full-width-container","site-content-style":"unboxed","site-sidebar-style":"unboxed","ast-global-header-display":"","ast-banner-title-visibility":"","ast-main-header-display":"","ast-hfb-above-header-display":"","ast-hfb-below-header-display":"","ast-hfb-mobile-header-display":"","site-post-title":"disabled","ast-breadcrumbs-content":"disabled","ast-featured-img":"disabled","footer-sml-layout":"","theme-transparent-header-meta":"enabled","adv-header-id-meta":"","stick-header-meta":"","header-above-stick-meta":"","header-main-stick-meta":"","header-below-stick-meta":"","astra-migrate-meta-layouts":"set","ast-page-background-enabled":"default","ast-page-background-meta":{"desktop":{"background-color":"","background-image":"","background-repeat":"repeat","background-position":"center center","background-size":"auto","background-attachment":"scroll","background-type":"","background-media":"","overlay-type":"","overlay-color":"","overlay-opacity":"","overlay-gradient":""},"tablet":{"background-color":"","background-image":"","background-repeat":"repeat","background-position":"center center","background-size":"auto","background-attachment":"scroll","background-type":"","background-media":"","overlay-type":"","overlay-color":"","overlay-opacity":"","overlay-gradient":""},"mobile":{"background-color":"","background-image":"","background-repeat":"repeat","background-position":"center center","background-size":"auto","background-attachment":"scroll","background-type":"","background-media":"","overlay-type":"","overlay-color":"","overlay-opacity":"","overlay-gradient":""}},"ast-content-background-meta":{"desktop":{"background-color":"var(--ast-global-color-5)","background-image":"","background-repeat":"repeat","background-position":"center center","background-size":"auto","background-attachment":"scroll","background-type":"","background-media":"","overlay-type":"","overlay-color":"","overlay-opacity":"","overlay-gradient":""},"tablet":{"background-color":"var(--ast-global-color-5)","background-image":"","background-repeat":"repeat","background-position":"center center","background-size":"auto","background-attachment":"scroll","background-type":"","background-media":"","overlay-type":"","overlay-color":"","overlay-opacity":"","overlay-gradient":""},"mobile":{"background-color":"var(--ast-global-color-5)","background-image":"","background-repeat":"repeat","background-position":"center center","background-size":"auto","background-attachment":"scroll","background-type":"","background-media":"","overlay-type":"","overlay-color":"","overlay-opacity":"","overlay-gradient":""}},"footnotes":""},"class_list":["post-1408","page","type-page","status-publish","hentry"],"_links":{"self":[{"href":"https:\/\/apocalipsorider.com\/en\/wp-json\/wp\/v2\/pages\/1408","targetHints":{"allow":["GET"]}}],"collection":[{"href":"https:\/\/apocalipsorider.com\/en\/wp-json\/wp\/v2\/pages"}],"about":[{"href":"https:\/\/apocalipsorider.com\/en\/wp-json\/wp\/v2\/types\/page"}],"author":[{"embeddable":true,"href":"https:\/\/apocalipsorider.com\/en\/wp-json\/wp\/v2\/users\/1"}],"replies":[{"embeddable":true,"href":"https:\/\/apocalipsorider.com\/en\/wp-json\/wp\/v2\/comments?post=1408"}],"version-history":[{"count":16,"href":"https:\/\/apocalipsorider.com\/en\/wp-json\/wp\/v2\/pages\/1408\/revisions"}],"predecessor-version":[{"id":1430,"href":"https:\/\/apocalipsorider.com\/en\/wp-json\/wp\/v2\/pages\/1408\/revisions\/1430"}],"wp:attachment":[{"href":"https:\/\/apocalipsorider.com\/en\/wp-json\/wp\/v2\/media?parent=1408"}],"curies":[{"name":"wp","href":"https:\/\/api.w.org\/{rel}","templated":true}]}}